{"id":8948,"date":"2023-10-10T17:17:27","date_gmt":"2023-10-10T15:17:27","guid":{"rendered":"https:\/\/www.pianuraisontina.it\/?page_id=8948"},"modified":"2024-12-20T19:03:32","modified_gmt":"2024-12-20T18:03:32","slug":"interreg-italia-slovenia-progetto-grevislin-2","status":"publish","type":"page","link":"https:\/\/www.pianuraisontina.it\/?page_id=8948","title":{"rendered":"INTERREG ITALIA-SLOVENIA PROGETTO GRENNAT"},"content":{"rendered":"\n<p>\u00a0<\/p>\n<p><a href=\"https:\/\/www.pianuraisontina.it\/wp-content\/uploads\/2023\/10\/Interreg-ITA-SLO-logo-RGB-colour.png\"><img loading=\"lazy\" decoding=\"async\" class=\"wp-image-8936 alignleft\" src=\"https:\/\/www.pianuraisontina.it\/wp-content\/uploads\/2023\/10\/Interreg-ITA-SLO-logo-RGB-colour.png\" alt=\"\" width=\"485\" height=\"173\" srcset=\"https:\/\/www.pianuraisontina.it\/wp-content\/uploads\/2023\/10\/Interreg-ITA-SLO-logo-RGB-colour.png 798w, https:\/\/www.pianuraisontina.it\/wp-content\/uploads\/2023\/10\/Interreg-ITA-SLO-logo-RGB-colour-300x107.png 300w, https:\/\/www.pianuraisontina.it\/wp-content\/uploads\/2023\/10\/Interreg-ITA-SLO-logo-RGB-colour-768x274.png 768w, https:\/\/www.pianuraisontina.it\/wp-content\/uploads\/2023\/10\/Interreg-ITA-SLO-logo-RGB-colour-3x1.png 3w\" sizes=\"(max-width: 485px) 100vw, 485px\" \/><\/a><\/p>\n<p>\u00a0<\/p>\n<p>\u00a0<\/p>\n<p>\u00a0<\/p>\n<p>\u00a0<\/p>\n<div class=\"block\">\n<div class=\"field field-project-summary field--label-above\">\n<div class=\"field__item\">\n<p>DICEMBRE 2024<\/p>\n<p>Il Consorzio di Bonifica Venezia Giulia, ha attuato le opere di completamento della scala di risalita dei pesci presso la traversa di derivazione di Sagrado (GO).<br \/>L\u2019opera idraulica, costruita ed operativa dal 2022 con lo scopo di permettere all\u2019ittofauna il superamento della traversa di derivazione del fiume Isonzo a Sagrado (GO), necessitava per il suo completamento, dell\u2019installazione delle setole per il passaggio delle anguille.\u00a0<br \/>Nel mese di luglio 2024 si \u00e8 provveduto ad ancorare i pannelli sul fondo del manufatto, nell\u2019apposita sezione prevista, con un sistema di fissaggio di tipo permanente. Ad oggi l\u2019opera risulta perfettamente funzionante e completa. <span style=\"font-size: revert; color: initial;\">Sono tuttora in corso le attivit\u00e0 di monitoraggio dell&#8217;ittofauna presso la scala dei pesci.<\/span><\/p>\n<p><a href=\"https:\/\/www.pianuraisontina.it\/wp-content\/uploads\/2024\/12\/setole.jpeg\"><img loading=\"lazy\" decoding=\"async\" class=\"aligncenter size-thumbnail wp-image-10737\" src=\"https:\/\/www.pianuraisontina.it\/wp-content\/uploads\/2024\/12\/setole-150x150.jpeg\" alt=\"\" width=\"150\" height=\"150\" srcset=\"https:\/\/www.pianuraisontina.it\/wp-content\/uploads\/2024\/12\/setole-150x150.jpeg 150w, https:\/\/www.pianuraisontina.it\/wp-content\/uploads\/2024\/12\/setole-1x1.jpeg 1w\" sizes=\"(max-width: 150px) 100vw, 150px\" \/><\/a><\/p>\n<p>Nel mese di settembre 2024 \u00e8 stato installato il misuratore in continuo della portata del fiume Isonzo all&#8217;altezza del ponte di Sagrado (GO) sulla Strada Regionale SR 305.<\/p>\n<p><a href=\"https:\/\/www.pianuraisontina.it\/wp-content\/uploads\/2024\/12\/misuratore.jpg\"><img loading=\"lazy\" decoding=\"async\" class=\"aligncenter size-thumbnail wp-image-10736\" src=\"https:\/\/www.pianuraisontina.it\/wp-content\/uploads\/2024\/12\/misuratore-150x150.jpg\" alt=\"\" width=\"150\" height=\"150\" srcset=\"https:\/\/www.pianuraisontina.it\/wp-content\/uploads\/2024\/12\/misuratore-150x150.jpg 150w, https:\/\/www.pianuraisontina.it\/wp-content\/uploads\/2024\/12\/misuratore-1x1.jpg 1w\" sizes=\"(max-width: 150px) 100vw, 150px\" \/><\/a><\/p>\n<hr \/>\n<p>SINTESI PROGETTO GRENNAT<\/p>\n<p>ll progetto GRENNAT affronta le sfide importanti per l&#8217;intera area del programma, poich\u00e9 segue le misure europee per migliorare lo stato della biodiversit\u00e0 nella Rete NATURA 2000 e in altre aree prioritarie per la tutela della natura e per migliorare le condizioni delle specie e degli stati di habitat, con la sistemazione e visita delle aree pi\u00f9 sottoposte a pressioni e con investimenti nell&#8217;infrastruttura verde nelle aree urbane. L&#8217;obiettivo principale del progetto \u00e8 il rafforzamento del piano transfrontaliero di lungo termine per le infrastrutture verdi, l&#8217;attuazione delle misure per lo sviluppo transfrontaliero sostenibile delle aree Natura 2000 e garantire una migliore visibilit\u00e0 dei risultati per rafforzare la tutela e la preservazione dell&#8217;ambiente naturale e della biodiversit\u00e0 provvedendo al trasferimento e al riutilizzo degli output in nuove aree del Programma.<\/p>\n<\/div>\n<\/div>\n<\/div>\n<div class=\"block\">\n<div class=\"field field-project-objectives field--label-above\">\n<div class=\"field__label\"><strong>Obiettivi<\/strong><\/div>\n<div class=\"field__item\">\n<ul>\n<li>L&#8217;obiettivo principale \u00e8 il rafforzamento del piano transfrontaliero di lungo termine per le infrastrutture verdi, l&#8217;attuazione delle misure per lo sviluppo transfrontaliero sostenibile delle aree Natura 2000 e garantire una migliore visibilit\u00e0 dei risultati per rafforzare la tutela e la preservazione dell&#8217;ambiente naturale e della biodiversit\u00e0 provvedendo al trasferimento e al riutilizzo degli output in nuove aree del Programma.<\/li>\n<li>Migliorare lo stato della biodiversit\u00e0 nella Rete NATURA 2000 e in altre aree prioritarie per la tutela della natura e per migliorare le condizioni delle specie e degli stati di habitat, con la sistemazione e visita delle aree pi\u00f9 sottoposte a pressioni e con investimenti nell&#8217;infrastruttura verde nelle aree urbane.<\/li>\n<li>Le soluzioni innovative definite dal progetto comprendono la redazione di un piano d&#8217;azione congiunto per la gestione delle aree NATURA 2000, il trasferimento e il riutilizzo degli effetti del progetto GREVISLIN, l&#8217;attuazione di attivit\u00e0 ambientali pilota e l&#8217;attuazione pilota di investimenti in infrastrutture verdi nei bacini transfrontalieri.<\/li>\n<\/ul>\n<\/div>\n<\/div>\n<\/div>\n<div class=\"block\">\n<div class=\"field field-project-output field--label-above\">\n<div class=\"field__label\"><strong>Output<\/strong><\/div>\n<div class=\"field__item\">\n<p>Il progetto a livello transfrontaliero garantisce il miglioramento ottimale dei risultati nella progettazione concettuale delle infrastrutture verdi, l&#8217;uso dei servizi ecosistemici, la gestione delle aree protette e il trasferimento di buone pratiche, contribuendo cos\u00ec alla protezione della natura e dello sviluppo sostenibile. I risultati del progetto andranno a beneficio delle istituzioni professionali e dei gruppi di interesse, delle autorit\u00e0 locali, regionali e nazionali nel trasferimento di buone pratiche, nonch\u00e9 del pubblico in generale, che sar\u00e0 meglio informato sui problemi di conservazione della natura.<\/p>\n<\/div>\n<\/div>\n<\/div>\n<p>\u00a0<\/p>\n<p>Il progetto coinvolge 6 partners italiani e sloveni e\u00a0 che puntano a sviluppare le infrastrutture verdi in area transfrontaliera per conservare e migliorare lo stato di habitat e specie lungo i fiumi.<\/p>\n<p>Il Consorzio di Bonifica della Venezia Giulia, gestisce per uso irriguo le acque prelevate dal fiume Isonzo e le distribuisce attraverso una rete di canali, impianti e bacini alle campagne dell\u2019intero comprensorio. L\u2019irrigazione \u00e8 gestita secondo principi di risparmio della risorsa idrica e di recupero delle acque meteoriche. Grazie alle idrovore a mare, espleta anche l\u2019attivit\u00e0 di bonifica idraulica finalizzata alla prevenzione degli allagamenti della pianura isontina. All&#8217;interno del progetto GRENNAT il Consorzio installer\u00e0 un misuratore in continuo della portata del fiume Isonzo all&#8217;altezza del ponte di Sagrado (GO) sulla Strada Regionale SR 305 ed implementer\u00e0 e monitorer\u00e0 la scala di risalita dei pesci da valle verso monte presso la rosta di Sagrado. Verr\u00e0 inoltre installato, all&#8217;altezza dell&#8217;ex casa del custode della Rosta di Sagrado, un punto informativo sulle attivit\u00e0 dei progetti GRENNAT e GREVISLIN.<\/p>\n<p>Maggiori informazioni sul sito del progetto <a href=\"https:\/\/www.ita-slo.eu\/it\/grennat\">GRENNAT<\/a><\/p>\n","protected":false},"excerpt":{"rendered":"<p>\u00a0 \u00a0 \u00a0 \u00a0 \u00a0 DICEMBRE 2024 Il Consorzio di Bonifica Venezia Giulia, ha attuato le opere di completamento della scala di risalita dei pesci presso la traversa di derivazione di Sagrado (GO).L\u2019opera idraulica, costruita ed operativa dal 2022 con lo scopo di permettere all\u2019ittofauna il superamento della traversa di derivazione del fiume Isonzo a&#8230;<\/p>\n","protected":false},"author":2,"featured_media":0,"parent":0,"menu_order":0,"comment_status":"closed","ping_status":"closed","template":"","meta":{"footnotes":""},"class_list":["post-8948","page","type-page","status-publish","hentry"],"_links":{"self":[{"href":"https:\/\/www.pianuraisontina.it\/index.php?rest_route=\/wp\/v2\/pages\/8948"}],"collection":[{"href":"https:\/\/www.pianuraisontina.it\/index.php?rest_route=\/wp\/v2\/pages"}],"about":[{"href":"https:\/\/www.pianuraisontina.it\/index.php?rest_route=\/wp\/v2\/types\/page"}],"author":[{"embeddable":true,"href":"https:\/\/www.pianuraisontina.it\/index.php?rest_route=\/wp\/v2\/users\/2"}],"replies":[{"embeddable":true,"href":"https:\/\/www.pianuraisontina.it\/index.php?rest_route=%2Fwp%2Fv2%2Fcomments&post=8948"}],"version-history":[{"count":8,"href":"https:\/\/www.pianuraisontina.it\/index.php?rest_route=\/wp\/v2\/pages\/8948\/revisions"}],"predecessor-version":[{"id":10738,"href":"https:\/\/www.pianuraisontina.it\/index.php?rest_route=\/wp\/v2\/pages\/8948\/revisions\/10738"}],"wp:attachment":[{"href":"https:\/\/www.pianuraisontina.it\/index.php?rest_route=%2Fwp%2Fv2%2Fmedia&parent=8948"}],"curies":[{"name":"wp","href":"https:\/\/api.w.org\/{rel}","templated":true}]}}