{"id":2622,"date":"2018-07-12T19:40:06","date_gmt":"2018-07-12T17:40:06","guid":{"rendered":"http:\/\/www.pianuraisontina.it\/?page_id=2622"},"modified":"2022-12-14T10:11:55","modified_gmt":"2022-12-14T09:11:55","slug":"articoli","status":"publish","type":"page","link":"https:\/\/www.pianuraisontina.it\/?page_id=2622","title":{"rendered":"Articoli"},"content":{"rendered":"<p><span style=\"color: #3366ff;\"><strong>Articolo 7 D.Lgs. 196\/2003 &#8211; Diritto di accesso ai dati personali ed altri diritti<\/strong><\/span><\/p>\n<p>1. L&#8217;interessato ha diritto di ottenere la conferma dell&#8217;esistenza o meno di dati personali che lo riguardano, anche se non ancora registrati, e la loro comunicazione in forma intelligibile.<\/p>\n<p>2. L&#8217;interessato ha diritto di ottenere l&#8217;indicazione:<\/p>\n<p>a) dell&#8217;origine dei dati personali;<\/p>\n<p>b) delle finalit\u00e0 e modalit\u00e0 del trattamento;<\/p>\n<p>c) della logica applicata in caso di trattamento effettuato con l&#8217;ausilio di strumenti elettronici;<\/p>\n<p>d) degli estremi identificativi del titolare, dei responsabili e del rappresentante designato ai sensi dell&#8217;articolo 5, comma 2;<\/p>\n<p>e) dei soggetti o delle categorie di soggetti ai quali i dati personali possono essere comunicati o che possono venirne a conoscenza in qualit\u00e0 di rappresentante designato nel territorio dello Stato, di responsabili o incaricati.<\/p>\n<p>3. L&#8217;interessato ha diritto di ottenere:<\/p>\n<p>a) l&#8217;aggiornamento, la rettificazione ovvero, quando vi ha interesse, l&#8217;integrazione dei dati;<\/p>\n<p>b) la cancellazione, la trasformazione in forma anonima o il blocco dei dati trattati in violazione di legge, compresi quelli di cui non \u00e8 necessaria la conservazione in relazione agli scopi per i quali i dati sono stati raccolti o successivamente trattati;<\/p>\n<p>c) l&#8217;attestazione che le operazioni di cui alle lettere a) e b) sono state portate a conoscenza, anche per quanto riguarda il loro contenuto, di coloro ai quali i dati sono stati comunicati o diffusi, eccettuato il caso in cui tale adempimento si rivela impossibile o comporta un impiego di mezzi manifestamente sproporzionato rispetto al diritto tutelato.<\/p>\n<p>4. L&#8217;interessato ha diritto di opporsi, in tutto o in parte:<\/p>\n<p>a) per motivi legittimi al trattamento dei dati personali che lo riguardano, ancorch\u00e9 pertinenti allo scopo della raccolta;<\/p>\n<p>b) al trattamento di dati personali che lo riguardano a fini di invio di materiale pubblicitario o di vendita diretta o per il compimento di ricerche di mercato o di comunicazione commerciale.<\/p>\n<p><span style=\"color: #3366ff;\"><strong>Articolo 15 del GDPR 2016\/679 \u2013 Diritto di accesso dell\u2019interessato<\/strong><\/span><\/p>\n<p>1. L&#8217;interessato ha il diritto di ottenere dal titolare del trattamento la conferma che sia o meno in corso un trattamento di dati personali che lo riguardano e in tal caso, di ottenere l&#8217;accesso ai dati personali e alle seguenti informazioni:<\/p>\n<p>a) le finalit\u00e0 del trattamento;<\/p>\n<p>b) le categorie di dati personali in questione;<\/p>\n<p>c) i destinatari o le categorie di destinatari a cui i dati personali sono stati o saranno comunicati, in particolare se destinatari di paesi terzi o organizzazioni internazionali;<\/p>\n<p>d) quando possibile, il periodo di conservazione dei dati personali previsto oppure, se non \u00e8 possibile, i criteri utilizzati per determinare tale periodo;<\/p>\n<p>e) l&#8217;esistenza del diritto dell&#8217;interessato di chiedere al titolare del trattamento la rettifica o la cancellazione dei dati personali o la limitazione del trattamento dei dati personali che lo riguardano o di opporsi al loro trattamento; f)\u00a0 il diritto di proporre reclamo a un&#8217;autorit\u00e0 di controllo;<\/p>\n<p>g) qualora i dati non siano raccolti presso l&#8217;interessato, tutte le informazioni disponibili sulla loro origine;<\/p>\n<p>h) l&#8217;esistenza di un processo decisionale automatizzato, compresa la profilazione di cui all&#8217;articolo 22, paragrafi 1 e 4, e, almeno in tali casi, informazioni significative sulla logica utilizzata, nonch\u00e9 l&#8217;importanza e le conseguenze previste di tale trattamento per l&#8217;interessato.<\/p>\n<p>2. Qualora i dati personali siano trasferiti a un paese terzo o a un&#8217;organizzazione internazionale, l&#8217;interessato ha il diritto di essere informato dell&#8217;esistenza di garanzie adeguate ai sensi dell&#8217;articolo 46 relative al trasferimento.<\/p>\n<p>3. Il titolare del trattamento fornisce una copia dei dati personali oggetto di trattamento. In caso di ulteriori copie richieste dall&#8217;interessato, il titolare del trattamento pu\u00f2 addebitare un contributo spese ragionevole basato sui costi amministrativi. Se l&#8217;interessato presenta la richiesta mediante mezzi elettronici, e salvo indicazione diversa dell&#8217;interessato, le informazioni sono fornite in un formato elettronico di uso comune.<\/p>\n<p>Il diritto di ottenere una copia di cui al paragrafo 3 non deve ledere i diritti e le libert\u00e0 altrui.<\/p>\n<p><span style=\"color: #3366ff;\"><strong>Articolo 16 del GDPR 2016\/679 \u2013 Diritto di rettifica<\/strong><\/span><\/p>\n<p>L&#8217;interessato ha il diritto di ottenere dal titolare del trattamento la rettifica dei dati personali inesatti che lo riguardano senza ingiustificato ritardo. Tenuto conto delle finalit\u00e0 del trattamento, l&#8217;interessato ha il diritto di ottenere l&#8217;integrazione dei dati personali incompleti, anche fornendo una dichiarazione integrativa.<\/p>\n<p><strong><span style=\"color: #3366ff;\">Articolo 17 del GDPR 2016\/679 \u2013 Diritto alla cancellazione<\/span><\/strong><\/p>\n<p>1. L&#8217;interessato ha il diritto di ottenere dal titolare del trattamento la cancellazione dei dati personali che lo riguardano senza ingiustificato ritardo e il titolare del trattamento ha l&#8217;obbligo di cancellare senza ingiustificato ritardo i dati personali, se sussiste uno dei motivi seguenti:<\/p>\n<p>a) i dati personali non sono pi\u00f9 necessari rispetto alle finalit\u00e0 per le quali sono stati raccolti o altrimenti trattati;<\/p>\n<p>b) l&#8217;interessato revoca il consenso su cui si basa il trattamento conformemente all&#8217;articolo 6, paragrafo 1, lettera a), o all&#8217;articolo 9, paragrafo 2, lettera a), e se non sussiste altro fondamento giuridico per il trattamento;<\/p>\n<p>c) l&#8217;interessato si oppone al trattamento ai sensi dell&#8217;articolo 21, paragrafo 1, e non sussiste alcun motivo legittimo prevalente per procedere al trattamento, oppure si oppone al trattamento ai sensi dell&#8217;articolo 21, paragrafo 2; d)\u00a0 i dati personali sono stati trattati illecitamente;<\/p>\n<p>e) i dati personali devono essere cancellati per adempiere un obbligo legale previsto dal diritto dell&#8217;Unione o dello Stato membro cui \u00e8 soggetto il titolare del trattamento;<\/p>\n<p>f) i dati personali sono stati raccolti relativamente all&#8217;offerta di servizi della societ\u00e0 dell&#8217;informazione di cui all&#8217;articolo 8, paragrafo 1.<\/p>\n<p>2. Il titolare del trattamento, se ha reso pubblici dati personali ed \u00e8 obbligato, ai sensi del paragrafo 1, a cancellarli, tenendo conto della tecnologia disponibile e dei costi di attuazione adotta le misure ragionevoli, anche tecniche, per informare i titolari del trattamento che stanno trattando i dati personali della richiesta dell&#8217;interessato di cancellare qualsiasi link, copia o riproduzione dei suoi dati personali.<\/p>\n<p>3. I paragrafi 1 e 2 non si applicano nella misura in cui il trattamento sia necessario:<\/p>\n<p>a) per l&#8217;esercizio del diritto alla libert\u00e0 di espressione e di informazione;<\/p>\n<p>b) per l&#8217;adempimento di un obbligo legale che richieda il trattamento previsto dal diritto dell&#8217;Unione o dello Stato membro cui \u00e8 soggetto il titolare del trattamento o per l&#8217;esecuzione di un compito svolto nel pubblico interesse oppure nell&#8217;esercizio di pubblici poteri di cui \u00e8 investito il titolare del trattamento;<\/p>\n<p>c)\u00a0\u00a0\u00a0\u00a0\u00a0\u00a0\u00a0\u00a0 per motivi di interesse pubblico nel settore della sanit\u00e0 pubblica in conformit\u00e0 dell&#8217;articolo 9, paragrafo 2, lettere h) e i), e dell&#8217;articolo 9, paragrafo 3;<\/p>\n<p>d)\u00a0\u00a0\u00a0\u00a0\u00a0\u00a0\u00a0\u00a0 a fini di archiviazione nel pubblico interesse, di ricerca scientifica o storica o a fini statistici conformemente all&#8217;articolo 89, paragrafo 1, nella misura in cui il diritto di cui al paragrafo 1 rischi di rendere impossibile o di pregiudicare gravemente il conseguimento degli obiettivi di tale trattamento; o<\/p>\n<p>e)\u00a0\u00a0\u00a0\u00a0\u00a0\u00a0\u00a0\u00a0 per l&#8217;accertamento, l&#8217;esercizio o la difesa di un diritto in sede giudiziaria.<\/p>\n<p><strong><span style=\"color: #3366ff;\">Articolo 18 del GDPR 2016\/679 \u2013 Diritto alla limitazione del trattamento<\/span><\/strong><\/p>\n<p>1. L&#8217;interessato ha il diritto di ottenere dal titolare del trattamento la limitazione del trattamento quando ricorre una delle seguenti ipotesi:<\/p>\n<p>a) l&#8217;interessato contesta l&#8217;esattezza dei dati personali, per il periodo necessario al titolare del trattamento per verificare l&#8217;esattezza di tali dati personali;<\/p>\n<p>b) il trattamento \u00e8 illecito e l&#8217;interessato si oppone alla cancellazione dei dati personali e chiede invece che ne sia limitato l&#8217;utilizzo;<\/p>\n<p>c) bench\u00e9 il titolare del trattamento non ne abbia pi\u00f9 bisogno ai fini del trattamento, i dati personali sono necessari all&#8217;interessato per l&#8217;accertamento, l&#8217;esercizio o la difesa di un diritto in sede giudiziaria;<\/p>\n<p>d) l&#8217;interessato si \u00e8 opposto al trattamento ai sensi dell&#8217;articolo 21, paragrafo 1, in attesa della verifica in merito all&#8217;eventuale prevalenza dei motivi legittimi del titolare del trattamento rispetto a quelli dell&#8217;interessato.<\/p>\n<p>2. Se il trattamento \u00e8 limitato a norma del paragrafo 1, tali dati personali sono trattati, salvo che per la conservazione, soltanto con il consenso dell&#8217;interessato o per l&#8217;accertamento, l&#8217;esercizio o la difesa di un diritto in sede giudiziaria oppure per tutelare i diritti di un&#8217;altra persona fisica o giuridica o per motivi di interesse pubblico rilevante dell&#8217;Unione o di uno Stato membro.<\/p>\n<p>L&#8217;interessato che ha ottenuto la limitazione del trattamento a norma del paragrafo 1 \u00e8 informato dal titolare del trattamento prima che detta limitazione sia revocata.<\/p>\n<p><strong><span style=\"color: #3366ff;\">Articolo 19 del GDPR 2016\/679 \u2013 Diritto alla limitazione del trattamento<\/span><\/strong><\/p>\n<p>Il titolare del trattamento comunica a ciascuno dei destinatari cui sono stati trasmessi i dati personali le eventuali rettifiche o cancellazioni o limitazioni del trattamento effettuate a norma dell&#8217;articolo 16, dell&#8217;articolo 17, paragrafo 1, e dell&#8217;articolo 18, salvo che ci\u00f2 si riveli impossibile o implichi uno sforzo sproporzionato. Il titolare del trattamento comunica all&#8217;interessato tali destinatari qualora l&#8217;interessato lo richieda.<\/p>\n<p><strong><span style=\"color: #3366ff;\">Articolo 20 del GDPR 2016\/679 \u2013 Diritto alla portabilit\u00e0<\/span><\/strong><\/p>\n<p>1. L&#8217;interessato ha il diritto di ricevere in un formato strutturato, di uso comune e leggibile da dispositivo automatico i dati personali che lo riguardano forniti a un titolare del trattamento e ha il diritto di trasmettere tali dati a un altro titolare del trattamento senza impedimenti da parte del titolare del trattamento cui li ha forniti qualora:<\/p>\n<p>a) il trattamento si basi sul consenso ai sensi dell&#8217;articolo 6, paragrafo 1, lettera a), o dell&#8217;articolo 9, paragrafo 2, lettera a), o su un contratto ai sensi dell&#8217;articolo 6, paragrafo 1, lettera b); e<\/p>\n<p>b) il trattamento sia effettuato con mezzi automatizzati.<\/p>\n<p>2. Nell&#8217;esercitare i propri diritti relativamente alla portabilit\u00e0 dei dati a norma del paragrafo 1, l&#8217;interessato ha il diritto di ottenere la trasmissione diretta dei dati personali da un titolare del trattamento all&#8217;altro, se tecnicamente fattibile.<\/p>\n<p>3. L&#8217;esercizio del diritto di cui al paragrafo 1 del presente articolo lascia impregiudicato l&#8217;articolo 17. Tale diritto non si applica al trattamento necessario per l&#8217;esecuzione di un compito di interesse pubblico o connesso all&#8217;esercizio di pubblici poteri di cui \u00e8 investito il titolare del trattamento.<\/p>\n<p>Il diritto di cui al paragrafo 1 non deve ledere i diritti e le libert\u00e0 altrui.<\/p>\n<p><span style=\"color: #3366ff;\"><strong>Articolo 21 del GDPR 2016\/679 \u2013 Diritto all\u2019opposizione<\/strong><\/span><\/p>\n<p>1. L&#8217;interessato ha il diritto di opporsi in qualsiasi momento, per motivi connessi alla sua situazione particolare, al trattamento dei dati personali che lo riguardano ai sensi dell&#8217;articolo 6, paragrafo 1, lettere e) o f), compresa la profilazione sulla base di tali disposizioni. Il titolare del trattamento si astiene dal trattare ulteriormente i dati personali salvo che egli dimostri l&#8217;esistenza di motivi legittimi cogenti per procedere al trattamento che prevalgono sugli interessi, sui diritti e sulle libert\u00e0 dell&#8217;interessato oppure per l&#8217;accertamento, l&#8217;esercizio o la difesa di un diritto in sede giudiziaria.<\/p>\n<p>2. Qualora i dati personali siano trattati per finalit\u00e0 di marketing diretto, l&#8217;interessato ha il diritto di opporsi in qualsiasi momento al trattamento dei dati personali che lo riguardano effettuato per tali finalit\u00e0, compresa la profilazione nella misura in cui sia connessa a tale marketing diretto.<\/p>\n<p>3. Qualora l&#8217;interessato si opponga al trattamento per finalit\u00e0 di marketing diretto, i dati personali non sono pi\u00f9 oggetto di trattamento per tali finalit\u00e0.<\/p>\n<p>4. Il diritto di cui ai paragrafi 1 e 2 \u00e8 esplicitamente portato all&#8217;attenzione dell&#8217;interessato ed \u00e8 presentato chiaramente e separatamente da qualsiasi altra informazione al pi\u00f9 tardi al momento della prima comunicazione con l&#8217;interessato.<\/p>\n<p>5. Nel contesto dell&#8217;utilizzo di servizi della societ\u00e0 dell&#8217;informazione e fatta salva la direttiva 2002\/58\/CE, l&#8217;interessato pu\u00f2 esercitare il proprio diritto di opposizione con mezzi automatizzati che utilizzano specifiche tecniche.<\/p>\n<p>Qualora i dati personali siano trattati a fini di ricerca scientifica o storica o a fini statistici a norma dell&#8217;articolo 89, paragrafo 1, l&#8217;interessato, per motivi connessi alla sua situazione particolare, ha il diritto di opporsi al trattamento di dati personali che lo riguarda, salvo se il trattamento \u00e8 necessario per l&#8217;esecuzione di un compito di interesse pubblico.<\/p>\n<p><strong><span style=\"color: #3366ff;\">Articolo 22 del GDPR 2016\/679 \u2013 Diritto di opposizione al processo decisionale automatizzato<\/span><\/strong><\/p>\n<p>1. L&#8217;interessato ha il diritto di non essere sottoposto a una decisione basata unicamente sul trattamento automatizzato, compresa la profilazione, che produca effetti giuridici che lo riguardano o che incida in modo analogo significativamente sulla sua persona.<\/p>\n<p>2. Il paragrafo 1 non si applica nel caso in cui la decisione:<\/p>\n<p>a) sia necessaria per la conclusione o l&#8217;esecuzione di un contratto tra l&#8217;interessato e un titolare del trattamento;<\/p>\n<p>b) sia autorizzata dal diritto dell&#8217;Unione o dello Stato membro cui \u00e8 soggetto il titolare del trattamento, che precisa altres\u00ec misure adeguate a tutela dei diritti, delle libert\u00e0 e dei legittimi interessi dell&#8217;interessato;<\/p>\n<p>c) si basi sul consenso esplicito dell&#8217;interessato.<\/p>\n<p>3. Nei casi di cui al paragrafo 2, lettere a) e c), il titolare del trattamento attua misure appropriate per tutelare i diritti, le libert\u00e0 e i legittimi interessi dell&#8217;interessato, almeno il diritto di ottenere l&#8217;intervento umano da parte del titolare del trattamento, di esprimere la propria opinione e di contestare la decisione.<\/p>\n<p>4. Le decisioni di cui al paragrafo 2 non si basano sulle categorie particolari di dati personali di cui all&#8217;articolo 9, paragrafo 1, a meno che non sia d&#8217;applicazione l&#8217;articolo 9, paragrafo 2, lettere a) o g), e non siano in vigore misure adeguate a tutela dei diritti, delle libert\u00e0 e dei legittimi interessi dell&#8217;interessato.<\/p>\n","protected":false},"excerpt":{"rendered":"<p>Articolo 7 D.Lgs. 196\/2003 &#8211; Diritto di accesso ai dati personali ed altri diritti 1. L&#8217;interessato ha diritto di ottenere la conferma dell&#8217;esistenza o meno di dati personali che lo riguardano, anche se non ancora registrati, e la loro comunicazione in forma intelligibile. 2. L&#8217;interessato ha diritto di ottenere l&#8217;indicazione: a) dell&#8217;origine dei dati personali;&#8230;<\/p>\n","protected":false},"author":2,"featured_media":0,"parent":0,"menu_order":0,"comment_status":"closed","ping_status":"closed","template":"","meta":{"footnotes":""},"class_list":["post-2622","page","type-page","status-publish","hentry"],"_links":{"self":[{"href":"https:\/\/www.pianuraisontina.it\/index.php?rest_route=\/wp\/v2\/pages\/2622","targetHints":{"allow":["GET"]}}],"collection":[{"href":"https:\/\/www.pianuraisontina.it\/index.php?rest_route=\/wp\/v2\/pages"}],"about":[{"href":"https:\/\/www.pianuraisontina.it\/index.php?rest_route=\/wp\/v2\/types\/page"}],"author":[{"embeddable":true,"href":"https:\/\/www.pianuraisontina.it\/index.php?rest_route=\/wp\/v2\/users\/2"}],"replies":[{"embeddable":true,"href":"https:\/\/www.pianuraisontina.it\/index.php?rest_route=%2Fwp%2Fv2%2Fcomments&post=2622"}],"version-history":[{"count":2,"href":"https:\/\/www.pianuraisontina.it\/index.php?rest_route=\/wp\/v2\/pages\/2622\/revisions"}],"predecessor-version":[{"id":7713,"href":"https:\/\/www.pianuraisontina.it\/index.php?rest_route=\/wp\/v2\/pages\/2622\/revisions\/7713"}],"wp:attachment":[{"href":"https:\/\/www.pianuraisontina.it\/index.php?rest_route=%2Fwp%2Fv2%2Fmedia&parent=2622"}],"curies":[{"name":"wp","href":"https:\/\/api.w.org\/{rel}","templated":true}]}}