{"id":1037,"date":"2016-01-26T16:13:26","date_gmt":"2016-01-26T15:13:26","guid":{"rendered":"http:\/\/www.pianuraisontina.it\/?page_id=1037"},"modified":"2016-01-26T16:13:26","modified_gmt":"2016-01-26T15:13:26","slug":"informativa-estesa-sulluso-dei-cookie","status":"publish","type":"page","link":"https:\/\/www.pianuraisontina.it\/?page_id=1037","title":{"rendered":"Informativa estesa sull&#8217;uso dei cookie"},"content":{"rendered":"<h2>Informativa estesa sull&#8217;uso dei cookie<\/h2>\n<div>Il presente sito web utilizza cookie\u00a0 tecnici per garantire il corretto funzionamento delle procedure e migliorare l&#8217;esperienza di uso delle applicazioni online. Il presente documento fornisce informazioni sull&#8217;uso dei cookie e di tecnologie similari, su come sono utilizzati dal sito e su come gestirli.<\/div>\n<p>&nbsp;<\/p>\n<div><strong>Definizioni<\/strong><\/div>\n<p>&nbsp;<\/p>\n<div>I cookie sono piccoli file di testo che i siti visitati dagli utenti inviano ai loro terminali, ove vengono memorizzati per essere poi ritrasmessi agli stessi siti alla visita successiva. I cookie delle c.d. &#8220;terze parti&#8221; vengono, invece, impostati da un sito web diverso da quello che l&#8217;utente sta visitando. Questo perch\u00e9 su ogni sito possono essere presenti elementi (immagini, mappe, suoni, specifici link a pagine web di altri domini, ecc.) che risiedono su server diversi da quello del sito visitato.<\/div>\n<p>&nbsp;<\/p>\n<div><strong>Tipologie di cookie<\/strong><\/div>\n<p>&nbsp;<\/p>\n<div>In base alle caratteristiche e all&#8217;utilizzo dei cookie si possono distinguere diverse categorie:<\/div>\n<p>&nbsp;<\/p>\n<div>\u00b7\u00a0\u00a0\u00a0\u00a0\u00a0\u00a0\u00a0\u00a0 <strong>Cookie tecnici.<\/strong> I cookie tecnici sono quelli utilizzati al solo fine di &#8220;effettuare la trasmissione di una comunicazione su una rete di comunicazione elettronica, o nella misura strettamente necessaria al fornitore di un servizio della societ\u00e0 dell&#8217;informazione esplicitamente richiesto dall&#8217;abbonato o dall&#8217;utente a erogare tale servizio&#8221; (cfr. art. 122, comma 1, del Codice). Essi non vengono utilizzati per scopi ulteriori e sono normalmente installati direttamente dal titolare o gestore del sito web. Possono essere suddivisi in cookie <b>di navigazione o di sessione<\/b>, che garantiscono la normale navigazione e fruizione del sito web; <b>cookie analytics<\/b>, assimilati ai cookie tecnici laddove utilizzati direttamente dal gestore del sito per raccogliere informazioni, in forma aggregata, sul numero degli utenti e su come questi visitano il sito stesso; <b>cookie di funzionalit\u00e0<\/b>, che permettono all&#8217;utente la navigazione in funzione di una serie di criteri selezionati al fine di migliorare il servizio reso allo stesso. <b>Per l&#8217;installazione di tali cookie non \u00e8 richiesto il preventivo consenso degli utenti<\/b>, mentre resta fermo l&#8217;obbligo di dare l&#8217;informativa ai sensi dell&#8217;art. 13 del Codice, che il gestore del sito, qualora utilizzi soltanto tali dispositivi, potr\u00e0 fornire con le modalit\u00e0 che ritiene pi\u00f9 idonee.<\/div>\n<p>&nbsp;<\/p>\n<div>\u00b7\u00a0\u00a0\u00a0\u00a0\u00a0\u00a0\u00a0\u00a0 <strong>Cookie di profilazione<\/strong>. I cookie di profilazione sono volti a creare profili relativi all&#8217;utente e vengono utilizzati al fine di inviare messaggi pubblicitari in linea con le preferenze manifestate dallo stesso nell&#8217;ambito della navigazione in rete. In ragione della particolare invasivit\u00e0 che tali dispositivi possono avere nell&#8217;ambito della sfera privata degli utenti, la normativa europea e italiana prevede che l&#8217;utente debba essere adeguatamente informato sull&#8217;uso degli stessi ed esprimere cos\u00ec il proprio valido consenso. Ad essi si riferisce l&#8217;art. 122 del Codice laddove prevede che &#8220;l&#8217;archiviazione delle informazioni nell&#8217;apparecchio terminale di un contraente o di un utente o l&#8217;accesso a informazioni gi\u00e0 archiviate sono consentiti unicamente a condizione che il contraente o l&#8217;utente abbia espresso il proprio consenso dopo essere stato informato con le modalit\u00e0 semplificate di cui all&#8217;articolo 13, comma 3&#8221; (art. 122, comma 1, del Codice). <strong>Il presente sito non utilizza cookie di profilazione.<\/strong><\/div>\n<p>&nbsp;<\/p>\n<div><strong>Cookie di \u201cterze parti\u201d<\/strong><\/div>\n<p>&nbsp;<\/p>\n<div>Visitando il presente sito web si potrebbero ricevere cookie da siti gestiti da altre organizzazioni (\u201cterze parti\u201d). Un esempio \u00e8 rappresentato dalla presenza dei \u201c <b>social plugin<\/b>\u201d per Facebook, Twitter, Google+ o LinkedIn, oppure sistemi di visualizzazione di contenuti multimediali <b>embedded<\/b> (integrati) come ad esempio Youtube, Vimeo o Flikr, oltre che plugin per il meteo. Si tratta di parti generate direttamente dai suddetti siti ed integrati nella pagina web del sito ospitante visitato. La presenza di questi\u00a0 <em>plugin<\/em>\u00a0comporta la trasmissione di cookie da e verso tutti i siti gestiti da terze parti. La gestione delle informazioni raccolte da \u201cterze parti\u201d \u00e8\u00a0disciplinata dalle relative informative cui si prega di fare riferimento. Per garantire una maggiore trasparenza e comodit\u00e0, si riportano qui di seguito\u00a0gli indirizzi web delle diverse informative e delle modalit\u00e0 per la gestione dei cookie.<\/div>\n<div>Facebook informativa:\u00a0 <a href=\"https:\/\/www.facebook.com\/help\/cookies\/\">https:\/\/www.facebook.com\/help\/cookies\/<\/a><br \/>\nFacebook (configurazione): accedere al proprio account. Sezione privacy.<\/div>\n<div>Twitter informative:\u00a0 <a href=\"https:\/\/support.twitter.com\/articles\/20170514\">https:\/\/support.twitter.com\/articles\/20170514<\/a><br \/>\nTwitter (configurazione):\u00a0 <a href=\"https:\/\/twitter.com\/settings\/security\">https:\/\/twitter.com\/settings\/security<\/a><\/div>\n<div>Linkedin informativa:\u00a0 <a href=\"https:\/\/www.linkedin.com\/legal\/cookie-policy\">https:\/\/www.linkedin.com\/legal\/cookie-policy<\/a><br \/>\nLinkedin (configurazione):\u00a0 <a href=\"https:\/\/www.linkedin.com\/settings\/\">https:\/\/www.linkedin.com\/settings\/<\/a><\/div>\n<div>Google maps &#8211; Youtube &#8211; Google+ informativa:\u00a0 <a href=\"http:\/\/www.google.it\/intl\/it\/policies\/technologies\/cookies\/\">http:\/\/www.google.it\/intl\/it\/policies\/technologies\/cookies\/<\/a><br \/>\nGoogle maps &#8211; Youtube &#8211; Google+ (configurazione):\u00a0 <a href=\"http:\/\/www.google.it\/intl\/it\/policies\/technologies\/managing\/\">http:\/\/www.google.it\/intl\/it\/policies\/technologies\/managing\/<\/a><\/div>\n<div>Bing\u00a0 <a href=\"http:\/\/www.microsoft.com\/privacystatement\/it-it\/bingandmsn\/default.aspx\">http:\/\/www.microsoft.com\/privacystatement\/it-it\/bingandmsn\/default.aspx<\/a><br \/>\nBing (configurazione) <a href=\"https:\/\/choice.microsoft.com\/it-it\/opt-out\">https:\/\/choice.microsoft.com\/it-it\/opt-out<\/a><\/div>\n<div>Pinterest informativa &#8211; configurazione <a href=\"https:\/\/about.pinterest.com\/it\/privacy-policy\">https:\/\/about.pinterest.com\/it\/privacy-policy<\/a><\/div>\n<div>Flikr &#8211; Yahoo informativa <a href=\"http:\/\/info.yahoo.com\/privacy\/it\/yahoo\/cookies\/details.html\">http:\/\/info.yahoo.com\/privacy\/it\/yahoo\/cookies\/details.html<\/a><br \/>\nFlikr &#8211; Yahoo\u00a0 (configurazione) <a href=\"http:\/\/info.yahoo.com\/privacy\/it\/yahoo\/opt_out\/targeting\/details.html\">http:\/\/info.yahoo.com\/privacy\/it\/yahoo\/opt_out\/targeting\/details.html<\/a><\/div>\n<div>Vimeo informativa \u2013 configurazione \u00a0 <a href=\"https:\/\/vimeo.com\/cookie_policy\">https:\/\/vimeo.com\/cookie_policy<\/a><\/div>\n<p>&nbsp;<\/p>\n<div><strong>Cookie analytics<\/strong><\/div>\n<p>&nbsp;<\/p>\n<div><b>WebTrends.<\/b> Al solo fine di monitorare e migliorare le prestazioni del sito ci si avvale di un prodotto di mercato di analisi statistica per la rilevazione degli accessi al sito. Esso pu\u00f2 ricorrere all&#8217;utilizzo di cookies, permanenti e non, allo scopo di raccogliere informazioni statistiche e sui &#8220;visitatori unici&#8221; del sito. I cookies, definiti come &#8220;Unique Visitor Cookies&#8221;, contengono un codice alfanumerico che identifica i computer di navigazione, senza tuttavia alcuna raccolta di dati personali.<\/div>\n<p>&nbsp;<\/p>\n<div><strong>Google Analytics<\/strong> <strong>.<\/strong> Il sito pu\u00f2 avvalersi anche di componenti trasmesse da Google Analytics, un servizio di analisi del traffico web fornito da Google, Inc. (\u201cGoogle\u201d). Tali cookie sono usati al solo fine di monitorare e migliorare le prestazioni del sito. Per ulteriori informazioni, si rinvia al link di seguito indicato:<br \/>\n<a href=\"https:\/\/www.google.it\/policies\/privacy\/partners\/\">https:\/\/www.google.it\/policies\/privacy\/partners\/<\/a><br \/>\nL&#8217;utente pu\u00f2 disabilitare in modo selettivo l&#8217;azione di Google Analytics installando sul proprio\u00a0 <em>browser<\/em>\u00a0la componente di\u00a0 <em>opt-out<\/em>\u00a0fornito da Google. Per disabilitare l&#8217;azione di Google Analytics, si rinvia al link di seguito indicato:<br \/>\n<a href=\"https:\/\/tools.google.com\/dlpage\/gaoptout\">https:\/\/tools.google.com\/dlpage\/gaoptout<\/a><\/div>\n<p>&nbsp;<\/p>\n<div><strong>Durata dei cookie<\/strong><\/div>\n<p>&nbsp;<\/p>\n<div>Alcuni cookie (cookie di sessione) restano attivi solo fino alla chiusura del\u00a0 <em>browser<\/em>\u00a0o all&#8217;esecuzione dell\u2019eventuale comando di\u00a0 <em>logout<\/em>. Altri cookie \u201csopravvivono\u201d alla chiusura del\u00a0 <em>browser<\/em>\u00a0e sono disponibili anche in successive visite dell&#8217;utente. Questi cookie sono detti persistenti e la loro durata \u00e8 fissata dal server al momento della loro creazione. In alcuni casi \u00e8 fissata una scadenza, in altri casi la durata \u00e8 illimitata.<\/div>\n<p>&nbsp;<\/p>\n<div><strong>Gestione dei cookie<\/strong><\/div>\n<p>&nbsp;<\/p>\n<div>L&#8217;utente pu\u00f2 decidere se accettare o meno i cookie utilizzando le impostazioni del proprio\u00a0 <em>browser<\/em>.<\/div>\n<div><strong>Attenzione<\/strong>: con la disabilitazione totale o parziale dei cookie tecnici potrebbe compromettere l&#8217;utilizzo ottimale del sito.<br \/>\nLa disabilitazione dei cookie \u201cterze parti\u201d non pregiudica in alcun modo la navigabilit\u00e0.<br \/>\nL&#8217;impostazione pu\u00f2 essere definita in modo specifico per i diversi siti e applicazioni web. Inoltre i<em>browser<\/em>\u00a0consentono di definire impostazioni diverse per i cookie \u201cproprietari\u201d e per quelli di \u201cterze parti\u201d.<\/div>\n<div>A titolo di esempio, in Firefox, attraverso il menu\u00a0 <i>Strumenti-&gt;Opzioni-&gt;Privacy<\/i>, \u00e8 possibile accedere ad un pannello di controllo dove \u00e8 possibile definire se accettare o meno i diversi tipi di cookie e procedere alla loro rimozione. In internet \u00e8 facilmente reperibile la documentazione su come impostare le regole di gestione dei cookies per il proprio browser, a titolo di esempio si riportano alcuni indirizzi relativi ai principali browser:<\/div>\n<p>&nbsp;<\/p>\n<div>Chrome:\u00a0 <a href=\"https:\/\/support.google.com\/chrome\/answer\/95647?hl=it\">https:\/\/support.google.com\/chrome\/answer\/95647?hl=it<\/a><br \/>\nFirefox:\u00a0 <a href=\"https:\/\/support.mozilla.org\/it\/kb\/Gestione%20dei%20cookie\">https:\/\/support.mozilla.org\/it\/kb\/Gestione%20dei%20cookie<\/a><br \/>\nInternet Explorer:\u00a0 <a href=\"http:\/\/windows.microsoft.com\/it-it\/windows7\/how-to-manage-cookies-in-internet-explorer-9\">http:\/\/windows.microsoft.com\/it-it\/windows7\/how-to-manage-cookies-in-internet-explorer-9<\/a><br \/>\nOpera:\u00a0 <a href=\"http:\/\/help.opera.com\/Windows\/10.00\/it\/cookies.html\">http:\/\/help.opera.com\/Windows\/10.00\/it\/cookies.html<\/a><br \/>\nSafari:\u00a0 <a href=\"http:\/\/support.apple.com\/kb\/HT1677?viewlocale=it_IT\">http:\/\/support.apple.com\/kb\/HT1677?viewlocale=it_IT<\/a><\/div>\n","protected":false},"excerpt":{"rendered":"<p>Informativa estesa sull&#8217;uso dei cookie Il presente sito web utilizza cookie\u00a0 tecnici per garantire il corretto funzionamento delle procedure e migliorare l&#8217;esperienza di uso delle applicazioni online. Il presente documento fornisce informazioni sull&#8217;uso dei cookie e di tecnologie similari, su come sono utilizzati dal sito e su come gestirli. &nbsp; Definizioni &nbsp; I cookie sono&#8230;<\/p>\n","protected":false},"author":2,"featured_media":0,"parent":0,"menu_order":0,"comment_status":"closed","ping_status":"closed","template":"","meta":{"footnotes":""},"class_list":["post-1037","page","type-page","status-publish","hentry"],"_links":{"self":[{"href":"https:\/\/www.pianuraisontina.it\/index.php?rest_route=\/wp\/v2\/pages\/1037"}],"collection":[{"href":"https:\/\/www.pianuraisontina.it\/index.php?rest_route=\/wp\/v2\/pages"}],"about":[{"href":"https:\/\/www.pianuraisontina.it\/index.php?rest_route=\/wp\/v2\/types\/page"}],"author":[{"embeddable":true,"href":"https:\/\/www.pianuraisontina.it\/index.php?rest_route=\/wp\/v2\/users\/2"}],"replies":[{"embeddable":true,"href":"https:\/\/www.pianuraisontina.it\/index.php?rest_route=%2Fwp%2Fv2%2Fcomments&post=1037"}],"version-history":[{"count":0,"href":"https:\/\/www.pianuraisontina.it\/index.php?rest_route=\/wp\/v2\/pages\/1037\/revisions"}],"wp:attachment":[{"href":"https:\/\/www.pianuraisontina.it\/index.php?rest_route=%2Fwp%2Fv2%2Fmedia&parent=1037"}],"curies":[{"name":"wp","href":"https:\/\/api.w.org\/{rel}","templated":true}]}}