{"id":102,"date":"2013-04-29T16:21:32","date_gmt":"2013-04-29T14:21:32","guid":{"rendered":"http:\/\/www.pianuraisontina.it?page_id=102"},"modified":"2019-06-20T15:32:14","modified_gmt":"2019-06-20T13:32:14","slug":"il-consorzio","status":"publish","type":"page","link":"https:\/\/www.pianuraisontina.it\/?page_id=102","title":{"rendered":"Il Consorzio"},"content":{"rendered":"<h3>CHE COS\u2019\u00c8 UN CONSORZIO DI BONIFICA?<\/h3>\n<p align=\"JUSTIFY\">Il Consorzio \u00e8 un Ente Pubblico che coordina interventi pubblici ed attivit\u00e0 privata nel settore delle opere idrauliche e dell&#8217;irrigazione.<\/p>\n<h3>IL CONSORZIO DI BONIFICA PIANURA ISONTINA<\/h3>\n<p align=\"JUSTIFY\">Il Consorzio di Bonifica Pianura Isontina \u00e8 uno dei tre consorzi di bonifica della Regione Friuli Venezia Giulia ed \u00e8 stato creato con D.P.G.R. 31 luglio 1989 n. 0420\/Pres mediante la fusione dei quattro Consorzi preesistenti: Consorzio della Bassa Pianura Isontina, Consorzio Agro Cormonese Gradiscano, Consorzio di bonifica del Lisert e Consorzio di bonifica delle Paludi del Preval.<\/p>\n<h3>DI COSA SI OCCUPA IL CONSORZIO?<\/h3>\n<p align=\"JUSTIFY\">Il Consorzio di Bonifica Pianura Isontina opera in base alla Legge Regionale n. 28\/2002 ed alle norme del proprio Statuto.<\/p>\n<p align=\"JUSTIFY\">I compiti principali del Consorzio di Bonifica sono:<\/p>\n<p><b>Bonifica idraulica del territorio<\/b><\/p>\n<p align=\"JUSTIFY\">In riferimento a questo compito sono state realizzate diverse opere atte a svolgere una funzione di bonifica idraulica.<\/p>\n<ol>\n<li style=\"list-style-type: none;\">\n<ul>\n<li>\n<p align=\"JUSTIFY\">DUE IMPIANTI IDROVORI: Le idrovore sono delle pompe che prelevano l\u2019acqua dai canali di bonifica affinch\u00e9 il livello dei canali stessi rimanga sempre costante entro i limiti di guardia. I due impianti idrovori sonopresenti entrambi nel comune di Staranzano: Borlecchie in funzione dal 1932 con una portata massima di 7,1 mc\/s<\/p>\n<\/li>\n<\/ul>\n<\/li>\n<\/ol>\n<p style=\"text-align: center;\"><a href=\"http:\/\/www.pianuraisontina.it\/wp-content\/uploads\/2013\/04\/2.jpg\"><img loading=\"lazy\" decoding=\"async\" class=\"aligncenter size-medium wp-image-263\" src=\"http:\/\/www.pianuraisontina.it\/wp-content\/uploads\/2013\/04\/2-300x194.jpg\" alt=\"Idrovora borlecchie\" width=\"300\" height=\"194\" srcset=\"https:\/\/www.pianuraisontina.it\/wp-content\/uploads\/2013\/04\/2-300x194.jpg 300w, https:\/\/www.pianuraisontina.it\/wp-content\/uploads\/2013\/04\/2.jpg 739w\" sizes=\"(max-width: 300px) 100vw, 300px\" \/><\/a><\/p>\n<ol style=\"text-align: center;\">\n<li style=\"list-style-type: none;\">\n<ul>\n<li>\n<p align=\"JUSTIFY\">e Sacchetti che opera dai primi anni del 1980 con una portata massima di 5,6 mc\/s<\/p>\n<\/li>\n<\/ul>\n<\/li>\n<\/ol>\n<p style=\"text-align: center;\"><a href=\"http:\/\/www.pianuraisontina.it\/wp-content\/uploads\/2013\/04\/1.jpg\"><img loading=\"lazy\" decoding=\"async\" class=\"aligncenter size-medium wp-image-264\" src=\"http:\/\/www.pianuraisontina.it\/wp-content\/uploads\/2013\/04\/1-300x225.jpg\" alt=\"Idrovora sacchetti\" width=\"300\" height=\"225\" srcset=\"https:\/\/www.pianuraisontina.it\/wp-content\/uploads\/2013\/04\/1-300x225.jpg 300w, https:\/\/www.pianuraisontina.it\/wp-content\/uploads\/2013\/04\/1-1024x768.jpg 1024w, https:\/\/www.pianuraisontina.it\/wp-content\/uploads\/2013\/04\/1.jpg 2048w\" sizes=\"(max-width: 300px) 100vw, 300px\" \/><\/a><\/p>\n<ol style=\"text-align: center;\">\n<li style=\"list-style-type: none;\">\n<ul>\n<li>\n<p align=\"JUSTIFY\">110 CHILOMETRI DI CANALI PRINCIPALI E SECONDARI utilizzati al servizio di circa 4066 ettari di terreni situati nei bacini del Preval, Brancolo e Lisert. Circa 3192 ettari a scolo naturale e circa 874 ettari a scolo meccanico.<\/p>\n<\/li>\n<li>\n<p align=\"JUSTIFY\">11 CHILOMETRI DI ARGINI A MARE<\/p>\n<\/li>\n<li>\n<p align=\"JUSTIFY\">12 CHILOMETRI DI STRADE INTERPODERALI<\/p>\n<\/li>\n<\/ul>\n<\/li>\n<\/ol>\n<p style=\"text-align: left;\" align=\"JUSTIFY\"><b>Gestione delle acque a scopo irriguo<\/b><\/p>\n<ul style=\"text-align: center;\">\n<li>\n<p align=\"JUSTIFY\">DUE OPERE DI PRESA E DERIVAZIONE sul fiume Isonzo a Sagrado e Gorizia. L\u2019opera di Sagrado risale al 1905 ed \u00e8 costituita da tre strutture che svolgono azioni diverse. La presa d\u2019acqua ha la funzione di consentire il prelievo dall\u2019Isonzo per scopi irrigui ed idroelettrici. Lo sghiaiatore, invece, ha il compito di scaricare a valle del manufatto le ghiaie ed i materiali di varia natura trasportati dal fiume. Infine la traversa di sbarramento o diga sommergibile \u00e8 destinata ad assicurare un\u2019altezza prestabilita ed invariabile del pelo d\u2019acqua nell\u2019asta del fiume, a monte della Presa.<span style=\"color: #ff00ff;\">\u00a0<\/span><\/p>\n<\/li>\n<\/ul>\n<p style=\"text-align: center;\"><a href=\"http:\/\/www.pianuraisontina.it\/wp-content\/uploads\/2013\/04\/3.jpg\"><img loading=\"lazy\" decoding=\"async\" class=\"aligncenter size-thumbnail wp-image-265\" src=\"http:\/\/www.pianuraisontina.it\/wp-content\/uploads\/2013\/04\/3-150x150.jpg\" alt=\"Presa di Sagrado\" width=\"150\" height=\"150\" \/><\/a><\/p>\n<ul style=\"text-align: center;\">\n<li style=\"text-align: justify;\">L\u2019opera di presa di Gorizia deriva le sue acque a scopo irriguo-industriale dal fiume Isonzo in localit\u00e0 Piedimonte attraverso uno sbarramento ed un invaso e le adduce nel Bacino irriguo mediante un canale principale ed una rete di canali secondari per uno sviluppo complessivo di circa 40 km. Lo sbarramento, ubicato a circa cento metri a valle del ponte IX Agosto sul fiume Isonzo presso Gorizia ha una lunghezza totale di 220 m e si compone di una traversa fissa della lunghezza di 66 m, compresa la spalla sinistra. La restante parte della traversa \u00e8 composta da n.5 luci di 25 m ciascuna, a paratoie mobili a settore, e di una luce sghiaiatrice di 11,70 m, regolata anch\u2019essa da una paratoia a settore.<\/li>\n<\/ul>\n<p style=\"text-align: center;\" align=\"JUSTIFY\"><a href=\"http:\/\/www.pianuraisontina.it\/wp-content\/uploads\/2013\/04\/4.jpg\"><img loading=\"lazy\" decoding=\"async\" class=\"aligncenter size-thumbnail wp-image-266\" src=\"http:\/\/www.pianuraisontina.it\/wp-content\/uploads\/2013\/04\/4-150x150.jpg\" alt=\"Presa di Gorizia\" width=\"150\" height=\"150\" \/><\/a><\/p>\n<ol style=\"text-align: center;\">\n<li style=\"list-style-type: none;\">\n<ul>\n<li style=\"text-align: left;\">CANALI PRINCIPALI E SECONDARI per un totale di 72 chilometri<\/li>\n<li>\n<p align=\"JUSTIFY\">19 IMPIANTI DI POMPAGGIO per impianti di irrigazione a pioggia a beneficio di circa 10.000 ettari di territorio agricolo con una potenza impegnata complessiva pari a circa 8.000 KW<span style=\"color: #ff00ff;\"><br \/>\n<\/span><\/p>\n<\/li>\n<\/ul>\n<\/li>\n<\/ol>\n<p style=\"text-align: center;\"><a href=\"http:\/\/www.pianuraisontina.it\/wp-content\/uploads\/2013\/04\/5.jpg\"><img loading=\"lazy\" decoding=\"async\" class=\"aligncenter size-medium wp-image-267\" src=\"http:\/\/www.pianuraisontina.it\/wp-content\/uploads\/2013\/04\/5-300x225.jpg\" alt=\"Interno stazione di pompaggio\" width=\"300\" height=\"225\" srcset=\"https:\/\/www.pianuraisontina.it\/wp-content\/uploads\/2013\/04\/5-300x225.jpg 300w, https:\/\/www.pianuraisontina.it\/wp-content\/uploads\/2013\/04\/5.jpg 1024w\" sizes=\"(max-width: 300px) 100vw, 300px\" \/><\/a><\/p>\n<ol style=\"text-align: center;\">\n<li style=\"list-style-type: none;\">\n<ul>\n<li>\n<p align=\"JUSTIFY\">CONDOTTE SOTTORRANEE per 750 chilometri<\/p>\n<\/li>\n<\/ul>\n<\/li>\n<\/ol>\n<p style=\"text-align: left;\"><strong>Tutela delle risorse idriche<\/strong> <b>e valorizzazione delle risorse ambientali<\/b> ai sensi della legge 36\/94 (disciplina delle acque), della legge 183\/89 (difesa del suolo) e del D.Lgs n.152\/1999 (tutela delle acque).<\/p>\n<p style=\"text-align: left;\"><b>Collaborazione con gli enti locali <\/b>in ordine a problematiche idrauliche, ambientali e di pianificazione territoriale.<\/p>\n<p style=\"text-align: center;\"><i>IL COMPRENSORIO<\/i><\/p>\n<p style=\"text-align: center;\"><a href=\"http:\/\/www.pianuraisontina.it\/wp-content\/uploads\/2013\/04\/11.jpg\"><img loading=\"lazy\" decoding=\"async\" class=\"aligncenter  wp-image-268\" src=\"http:\/\/www.pianuraisontina.it\/wp-content\/uploads\/2013\/04\/11-728x1024.jpg\" alt=\"corografia comprensorio\" width=\"364\" height=\"512\" srcset=\"https:\/\/www.pianuraisontina.it\/wp-content\/uploads\/2013\/04\/11-728x1024.jpg 728w, https:\/\/www.pianuraisontina.it\/wp-content\/uploads\/2013\/04\/11-213x300.jpg 213w\" sizes=\"(max-width: 364px) 100vw, 364px\" \/><\/a><\/p>\n<p style=\"text-align: justify;\">Il comprensorio consorziale ha una superficie di 58.089 ettari ed \u00e8 caratterizzato da quattro &#8220;bacini&#8221; di bonifica identificabili nei territori dei cessati consorzi. Complessivamente svolge la propria funzione nell\u2019ambito di 31 comuni.<\/p>\n","protected":false},"excerpt":{"rendered":"<p>CHE COS\u2019\u00c8 UN CONSORZIO DI BONIFICA? Il Consorzio \u00e8 un Ente Pubblico che coordina interventi pubblici ed attivit\u00e0 privata nel settore delle opere idrauliche e dell&#8217;irrigazione. IL CONSORZIO DI BONIFICA PIANURA ISONTINA Il Consorzio di Bonifica Pianura Isontina \u00e8 uno dei tre consorzi di bonifica della Regione Friuli Venezia Giulia ed \u00e8 stato creato con&#8230;<\/p>\n","protected":false},"author":2,"featured_media":0,"parent":5,"menu_order":0,"comment_status":"closed","ping_status":"closed","template":"","meta":{"footnotes":""},"class_list":["post-102","page","type-page","status-publish","hentry"],"_links":{"self":[{"href":"https:\/\/www.pianuraisontina.it\/index.php?rest_route=\/wp\/v2\/pages\/102"}],"collection":[{"href":"https:\/\/www.pianuraisontina.it\/index.php?rest_route=\/wp\/v2\/pages"}],"about":[{"href":"https:\/\/www.pianuraisontina.it\/index.php?rest_route=\/wp\/v2\/types\/page"}],"author":[{"embeddable":true,"href":"https:\/\/www.pianuraisontina.it\/index.php?rest_route=\/wp\/v2\/users\/2"}],"replies":[{"embeddable":true,"href":"https:\/\/www.pianuraisontina.it\/index.php?rest_route=%2Fwp%2Fv2%2Fcomments&post=102"}],"version-history":[{"count":0,"href":"https:\/\/www.pianuraisontina.it\/index.php?rest_route=\/wp\/v2\/pages\/102\/revisions"}],"up":[{"embeddable":true,"href":"https:\/\/www.pianuraisontina.it\/index.php?rest_route=\/wp\/v2\/pages\/5"}],"wp:attachment":[{"href":"https:\/\/www.pianuraisontina.it\/index.php?rest_route=%2Fwp%2Fv2%2Fmedia&parent=102"}],"curies":[{"name":"wp","href":"https:\/\/api.w.org\/{rel}","templated":true}]}}